{"id":113,"date":"2017-10-27T09:01:04","date_gmt":"2017-10-27T09:01:04","guid":{"rendered":"http:\/\/bravo2ukraine.com\/?page_id=113"},"modified":"2023-02-19T22:01:33","modified_gmt":"2023-02-19T20:01:33","slug":"kidel-ukraina","status":"publish","type":"page","link":"https:\/\/one-ukraine.com\/index.php\/lt\/kidel-ukraina\/","title":{"rendered":"Kod\u0117l Ukraina?"},"content":{"rendered":"<p style=\"text-align: justify;\">Galb\u016bt Ukraina niekada taip ir nesulauks pakvietimo \u012f NATO ir Europos S\u0105jung\u0105, ta\u010diau mes \u0161ioje \u0161alyje visada b\u016bsime d\u017eiugiai sutikti. Tad prisid\u0117kime prie ukrainie\u010di\u0173 gerov\u0117s lankydami j\u0173 muziejus, j\u0173 paveld\u0105, j\u0173 kult\u016bros renginius, \u017einoma, nepamir\u0161dami paragauti ir \u0161ios \u0161alies virtuv\u0117s ir i\u0161gerti u\u017e kiekvieno kampo si\u016blomos kavos.<\/p>\n<p style=\"text-align: justify;\"><img decoding=\"async\" loading=\"lazy\" class=\"alignnone size-full wp-image-264\" src=\"https:\/\/bravo2ukraine.com\/wp-content\/uploads\/2017\/10\/20170513_162914.jpg\" alt=\"20170513_162914\" width=\"2184\" height=\"1140\" srcset=\"https:\/\/one-ukraine.com\/wp-content\/uploads\/2017\/10\/20170513_162914.jpg 2184w, https:\/\/one-ukraine.com\/wp-content\/uploads\/2017\/10\/20170513_162914-300x157.jpg 300w, https:\/\/one-ukraine.com\/wp-content\/uploads\/2017\/10\/20170513_162914-768x401.jpg 768w, https:\/\/one-ukraine.com\/wp-content\/uploads\/2017\/10\/20170513_162914-1024x535.jpg 1024w, https:\/\/one-ukraine.com\/wp-content\/uploads\/2017\/10\/20170513_162914-1568x818.jpg 1568w\" sizes=\"(max-width: 2184px) 100vw, 2184px\" \/><\/p>\n<p><em>U\u017e taik\u0105 ir gyvyb\u0119,\u00a0<\/em><\/p>\n<p><em>Nerijus<\/em><\/p>\n","protected":false},"excerpt":{"rendered":"<p>Galb\u016bt Ukraina niekada taip ir nesulauks pakvietimo \u012f NATO ir Europos S\u0105jung\u0105, ta\u010diau mes \u0161ioje \u0161alyje visada b\u016bsime d\u017eiugiai sutikti. Tad prisid\u0117kime prie ukrainie\u010di\u0173 gerov\u0117s lankydami j\u0173 muziejus, j\u0173 paveld\u0105,&hellip;<\/p>\n","protected":false},"author":2,"featured_media":0,"parent":0,"menu_order":0,"comment_status":"closed","ping_status":"closed","template":"","meta":{"slim_seo":[]},"_links":{"self":[{"href":"https:\/\/one-ukraine.com\/index.php\/wp-json\/wp\/v2\/pages\/113"}],"collection":[{"href":"https:\/\/one-ukraine.com\/index.php\/wp-json\/wp\/v2\/pages"}],"about":[{"href":"https:\/\/one-ukraine.com\/index.php\/wp-json\/wp\/v2\/types\/page"}],"author":[{"embeddable":true,"href":"https:\/\/one-ukraine.com\/index.php\/wp-json\/wp\/v2\/users\/2"}],"replies":[{"embeddable":true,"href":"https:\/\/one-ukraine.com\/index.php\/wp-json\/wp\/v2\/comments?post=113"}],"version-history":[{"count":1,"href":"https:\/\/one-ukraine.com\/index.php\/wp-json\/wp\/v2\/pages\/113\/revisions"}],"predecessor-version":[{"id":3976,"href":"https:\/\/one-ukraine.com\/index.php\/wp-json\/wp\/v2\/pages\/113\/revisions\/3976"}],"wp:attachment":[{"href":"https:\/\/one-ukraine.com\/index.php\/wp-json\/wp\/v2\/media?parent=113"}],"curies":[{"name":"wp","href":"https:\/\/api.w.org\/{rel}","templated":true}]}}