{"id":53,"date":"2017-10-27T11:57:56","date_gmt":"2017-10-27T11:57:56","guid":{"rendered":"http:\/\/bravo2ukraine.com\/?page_id=53"},"modified":"2023-02-19T22:00:14","modified_gmt":"2023-02-19T20:00:14","slug":"sveiki-tautieciai","status":"publish","type":"page","link":"https:\/\/one-ukraine.com\/index.php\/lt\/sveiki-tautieciai\/","title":{"rendered":"Sveiki, tautie\u010diai"},"content":{"rendered":"<p><span style=\"color: #000000;\">Vykdami \u012f Ukrain\u0105, \u017einoma, pirmiausia pasir\u016bpiname autobuso ar l\u0117ktuvo bilietais ir nakvyn\u0117s vieta.<\/span><\/p>\n<p><span style=\"color: #000000;\">Kad ir kur vie\u0161ite \u2013 sostin\u0117je Kijeve, Odesoje, Charkove, Lvove \u2013, vert\u0117t\u0173 nepamir\u0161ti ir atmintyje tikrai i\u0161liksian\u010di\u0173 rengini\u0173, juose patirt\u0173 nei\u0161dildom\u0173 \u012fsp\u016bd\u017ei\u0173. Bilietai link\u0119 nuolat brangti, tad atsivert\u0119 kelias rengini\u0173 paie\u0161kos svetaines dar b\u016bdami Lietuvoje tikrai nepra\u0161ausite.<\/span><\/p>\n<p><span style=\"color: #000000;\">Prisiminkite, kad biliet\u0173 kainos \u012f koncertus, cirk\u0105 ar teatr\u0105 Ukrainoje \u017eymiai ma\u017eesn\u0117s nei Lietuvoje.<\/span><\/p>\n<p><span style=\"color: #000000;\">Kalbos nesuprantantiems si\u016blau rinktis \u201enebylius\u201c \u2013 \u0161e\u0161\u0117li\u0173 ar \u0161oki\u0173 spektaklius, balet\u0105, delfin\u0173 \u0161ou ar cirk\u0105.\u00a0 Ger\u0173 \u012fsp\u016bd\u017ei\u0173!<\/span><\/p>\n<p><em>U\u017e taik\u0105 ir gyvyb\u0119,\u00a0<\/em><\/p>\n<p><em>Nerijus<\/em><\/p>\n","protected":false},"excerpt":{"rendered":"<p>Vykdami \u012f Ukrain\u0105, \u017einoma, pirmiausia pasir\u016bpiname autobuso ar l\u0117ktuvo bilietais ir nakvyn\u0117s vieta. Kad ir kur vie\u0161ite \u2013 sostin\u0117je Kijeve, Odesoje, Charkove, Lvove \u2013, vert\u0117t\u0173 nepamir\u0161ti ir atmintyje tikrai i\u0161liksian\u010di\u0173&hellip;<\/p>\n","protected":false},"author":2,"featured_media":0,"parent":0,"menu_order":0,"comment_status":"closed","ping_status":"closed","template":"","meta":{"slim_seo":[]},"_links":{"self":[{"href":"https:\/\/one-ukraine.com\/index.php\/wp-json\/wp\/v2\/pages\/53"}],"collection":[{"href":"https:\/\/one-ukraine.com\/index.php\/wp-json\/wp\/v2\/pages"}],"about":[{"href":"https:\/\/one-ukraine.com\/index.php\/wp-json\/wp\/v2\/types\/page"}],"author":[{"embeddable":true,"href":"https:\/\/one-ukraine.com\/index.php\/wp-json\/wp\/v2\/users\/2"}],"replies":[{"embeddable":true,"href":"https:\/\/one-ukraine.com\/index.php\/wp-json\/wp\/v2\/comments?post=53"}],"version-history":[{"count":1,"href":"https:\/\/one-ukraine.com\/index.php\/wp-json\/wp\/v2\/pages\/53\/revisions"}],"predecessor-version":[{"id":3975,"href":"https:\/\/one-ukraine.com\/index.php\/wp-json\/wp\/v2\/pages\/53\/revisions\/3975"}],"wp:attachment":[{"href":"https:\/\/one-ukraine.com\/index.php\/wp-json\/wp\/v2\/media?parent=53"}],"curies":[{"name":"wp","href":"https:\/\/api.w.org\/{rel}","templated":true}]}}